{"id":389,"date":"2017-07-02T06:08:12","date_gmt":"2017-07-02T06:08:12","guid":{"rendered":"https:\/\/www.molitorovskastran.cz\/?page_id=389"},"modified":"2023-03-14T07:57:55","modified_gmt":"2023-03-14T07:57:55","slug":"home","status":"publish","type":"page","link":"https:\/\/www.molitorovskastran.cz\/?page_id=389&lang=en","title":{"rendered":"Home"},"content":{"rendered":"<p>[vc_section][vc_row][vc_column]                <section class=\"hero agency-hero parallax\" data-bg-image=\"http:\/\/www.molitorovskastran.cz\/wp-content\/uploads\/2023\/02\/Snimek-obrazovky-2023-02-02-v-9.05.17.png\">\r\n            <div class=\"container\">\r\n                <div class=\"video-wrapper wow fadeInUpSlow\">\r\n                    <span class=\"video-btn\">\r\n                        <a href=\"https:\/\/www.youtube.com\/embed\/6Ct1YUyVjZU\" class=\"video-play\" data-type=\"iframe\"><i class=\"fa fa-play\"><\/i><\/a>\r\n                    <\/span>\r\n                <\/div>\r\n                <span class=\"sub-title wow fadeInUpSlow\" data-wow-delay=\"0.5s\"><\/span>\r\n                <h1 class=\"wow fadeInUpSlow\" data-wow-delay=\"1s\">Molitorovsk\u00e1 str\u00e1\u0148<\/h1>\r\n            <\/div> <!-- end container -->\r\n        <\/section>   \r\n                        \r\n        \r\n        [\/vc_column][\/vc_row][\/vc_section][vc_section el_id=&#8221;o projektu&#8221; css=&#8221;.vc_custom_1675332993394{padding-top: 125px !important;padding-bottom: 30px !important;background-color: #ffffff !important;}&#8221; el_class=&#8221;o-projektu&#8221;][vc_row][vc_column width=&#8221;1\/6&#8243;][\/vc_column][vc_column width=&#8221;2\/3&#8243;][vc_custom_heading text=&#8221;About the project&#8221; font_container=&#8221;tag:h1|text_align:center|color:%233aaa35&#8243; google_fonts=&#8221;font_family:Montserrat%3Aregular%2C700|font_style:700%20bold%20regular%3A700%3Anormal&#8221;][vc_empty_space][\/vc_column][vc_column width=&#8221;1\/6&#8243;][\/vc_column][\/vc_row][vc_row el_class=&#8221;container&#8221;][vc_column width=&#8221;1\/6&#8243; el_class=&#8221;row agency-grids&#8221;][\/vc_column][vc_column width=&#8221;2\/3&#8243;][vc_column_text]<\/p>\n<p style=\"text-align: center;\">Are you planning to build your own family house within easy reach of Prague, but at the same time you want to be close to nature? Or do you just want to take advantage of an interesting investment opportunity to save your spare funds? If you answered yes at least once, we would like to introduce you to the Molitorovsk\u00e1 str\u00e1\u0148 u Kou\u0159imi project.<\/p>\n<p>[\/vc_column_text][vc_empty_space][\/vc_column][vc_column width=&#8221;1\/6&#8243;][\/vc_column][\/vc_row][vc_row][vc_column width=&#8221;1\/6&#8243;][\/vc_column][vc_column width=&#8221;2\/3&#8243;][vc_custom_heading text=&#8221;Characteristics of the project&#8221; font_container=&#8221;tag:h2|text_align:center|color:%23000000&#8243; google_fonts=&#8221;font_family:Montserrat%3Aregular%2C700|font_style:700%20bold%20regular%3A700%3Anormal&#8221;][vc_empty_space][\/vc_column][vc_column width=&#8221;1\/6&#8243;][\/vc_column][\/vc_row][vc_row][vc_column width=&#8221;1\/6&#8243;][\/vc_column][vc_column width=&#8221;2\/3&#8243;][vc_column_text]<\/p>\n<p style=\"text-align: center;\">A total of 28 building plots with connection to networks and communications<\/p>\n<p style=\"text-align: center;\">Molitorov near Kourim<span class=\"Apple-converted-space\"> <\/span><\/p>\n<p style=\"text-align: center;\">Land area from 620<sup>m2<\/sup><\/p>\n<p style=\"text-align: center;\">Land price from 1.860.000,- CZK per plot<\/p>\n<p style=\"text-align: center;\">Ideal home in a quiet part of a picturesque small town rich in tradition and history<\/p>\n<p style=\"text-align: center;\">Nature, safety and peace only 30 minutes east of Prague<\/p>\n<p style=\"text-align: center;\">Rich leisure activities for families with children<\/p>\n<p style=\"text-align: center;\">Golf course across the street<\/p>\n<p style=\"text-align: center;\">Rich civic amenities (primary school, kindergarten, sports hall, etc.)<\/p>\n<p>[\/vc_column_text][vc_empty_space][\/vc_column][vc_column width=&#8221;1\/6&#8243;][\/vc_column][\/vc_row][vc_row][vc_column][vc_single_image image=&#8221;379&#8243; img_size=&#8221;full&#8221; alignment=&#8221;center&#8221;][\/vc_column][\/vc_row][\/vc_section][vc_section el_class=&#8221;lokalita&#8221; el_id=&#8221;lokalita&#8221;][vc_row][vc_column width=&#8221;1\/6&#8243;][\/vc_column][vc_column width=&#8221;2\/3&#8243;][vc_custom_heading text=&#8221;Location&#8221; font_container=&#8221;tag:h1|text_align:center|color:%233aaa35&#8243; google_fonts=&#8221;font_family:Montserrat%3Aregular%2C700|font_style:700%20bold%20regular%3A700%3Anormal&#8221;][vc_empty_space height=&#8221;62px&#8221;][\/vc_column][vc_column width=&#8221;1\/6&#8243;][\/vc_column][\/vc_row][vc_row el_class=&#8221;container&#8221;][vc_column width=&#8221;1\/2&#8243; el_class=&#8221;agency-team-grids&#8221;]\r\n                <div class=\"panel-group\" id=\"accordion\">\r\n                    <div class=\"panel panel-default\">\r\n                    <div class=\"panel-heading\">\r\n                        <a data-toggle=\"collapse\" data-parent=\"#accordion\" href=\"#01\" aria-expanded=\"true\"><span>1.<\/span> Location<\/a>\r\n                    <\/div>\r\n                    <div id=\"01\" class=\"panel-collapse collapse in\">\r\n                        <div class=\"panel-body\">\r\n                            <p>The Molitorovsk\u00e1 str\u00e1\u0148 project is located on the outskirts of the picturesque historic town of Kou\u0159im, where the series There Were Five of Us was filmed. It lies approximately 30 km east of Prague on the route through \u0158\u00ed\u010dany (25 minutes) and Kostelec nad \u010cern\u00fdmi lesy (10 minutes). Cologne and Kutn\u00e1 Hora are about 25 minutes away.<\/p>\r\n                        <\/div>\r\n                    <\/div>\r\n                <\/div><div class=\"panel panel-default\">\r\n                    <div class=\"panel-heading\">\r\n                        <a data-toggle=\"collapse\" data-parent=\"#accordion\" href=\"#02\" aria-expanded=\"true\"><span>2.<\/span> Surroundings<\/a>\r\n                    <\/div>\r\n                    <div id=\"02\" class=\"panel-collapse collapse\">\r\n                        <div class=\"panel-body\">\r\n                            <p>The project is set in the vicinity of two historic mansions and a golf course on a gentle slope in the local district of Molitorov, which takes its name from the French nobleman George Molitorov of M\u00fchlfeld. The surroundings offer a walk through the historical centre of Kourim or a trip to Pos\u00e1zav\u00ed or Vod\u011bradsk\u00e9 bu\u010din.<\/p>\r\n                        <\/div>\r\n                    <\/div>\r\n                <\/div><div class=\"panel panel-default\">\r\n                    <div class=\"panel-heading\">\r\n                        <a data-toggle=\"collapse\" data-parent=\"#accordion\" href=\"#03\" aria-expanded=\"true\"><span>3.<\/span> Kou\u0159im<\/a>\r\n                    <\/div>\r\n                    <div id=\"03\" class=\"panel-collapse collapse\">\r\n                        <div class=\"panel-body\">\r\n                            <p>The town of Kou\u0159im itself offers very good civic amenities. There is a kindergarten and primary school, a shop, a doctor, a pharmacy, a post office, restaurants and many sports and leisure activities including a golf club and a football field. Kou\u0159im has very good transport connections both by bus and rail. Secondary schools are located within driving distance of Kol\u00edn, Kutn\u00e1 Hora and \u0158\u00ed\u010dany.<\/p>\r\n                        <\/div>\r\n                    <\/div>\r\n                <\/div>\r\n        \t\t<\/div>[\/vc_column][vc_column width=&#8221;1\/2&#8243;][vc_video link=&#8221;https:\/\/youtu.be\/6Ct1YUyVjZU&#8221;][\/vc_column][\/vc_row][vc_row][vc_column][vc_empty_space][vc_gmaps link=&#8221;#E-8_JTNDaWZyYW1lJTIwc3JjJTNEJTIyaHR0cHMlM0ElMkYlMkZ3d3cuZ29vZ2xlLmNvbSUyRm1hcHMlMkZlbWJlZCUzRnBiJTNEJTIxMW0xOCUyMTFtMTIlMjExbTMlMjExZDI1NjQuNzgxMTE0MDM0NjgwNyUyMTJkMTQuOTU5NjM2MzE1NjI1MDQ0JTIxM2Q0OS45OTY3MTMwNzk0MTUyOTQlMjEybTMlMjExZjAlMjEyZjAlMjEzZjAlMjEzbTIlMjExaTEwMjQlMjEyaTc2OCUyMTRmMTMuMSUyMTNtMyUyMTFtMiUyMTFzMHgwJTI1M0EweDg3NmQ5ZTY1YzQ3N2UyN2UlMjEyek5EbkNzRFU1SnpRNExqSWlUaUF4Tk1Ld05UY25OREl1TmlKRiUyMTVlMCUyMTNtMiUyMTFzY3MlMjEyc2N6JTIxNHYxNjc1MzMzNTQ2NTYyJTIxNW0yJTIxMXNjcyUyMTJzY3olMjIlMjB3aWR0aCUzRCUyMjYwMCUyMiUyMGhlaWdodCUzRCUyMjQ1MCUyMiUyMHN0eWxlJTNEJTIyYm9yZGVyJTNBMCUzQiUyMiUyMGFsbG93ZnVsbHNjcmVlbiUzRCUyMiUyMiUyMGxvYWRpbmclM0QlMjJsYXp5JTIyJTIwcmVmZXJyZXJwb2xpY3klM0QlMjJuby1yZWZlcnJlci13aGVuLWRvd25ncmFkZSUyMiUzRSUzQyUyRmlmcmFtZSUzRQ==&#8221;][\/vc_column][\/vc_row][\/vc_section][vc_section el_id=&#8221;kontakt&#8221; el_class=&#8221;contact-section&#8221; css=&#8221;.vc_custom_1677835532992{padding-top: 125px !important;padding-bottom: 120px !important;}&#8221;][vc_row el_class=&#8221;container contact-block&#8221;][vc_column][vc_custom_heading text=&#8221;CONTACT&#8221; font_container=&#8221;tag:h1|text_align:left|color:%233aaa35&#8243; google_fonts=&#8221;font_family:Montserrat%3Aregular%2C700|font_style:700%20bold%20regular%3A700%3Anormal&#8221;]<div class=\"section-title\">\r\n                    <h2><\/h2>\r\n                    <p><\/p>\r\n                    <\/div><div class=\"contact-info\">\r\n                        <p>If you are interested in the Molitorovsk\u00e1 stra\u0148 project, contact us and we will tell you more. We look forward to see you.<\/p>\r\n                            <ul>\r\n                                <li>\r\n                                    <span class=\"icon\">\r\n                                        <i class=\"fi flaticon-windows\"><\/i>\r\n                                    <\/span>\r\n                                    49.9967131N, 14.9618250E\r\n                                <\/li>\r\n                                <li>\r\n                                    <span class=\"icon\">\r\n                                        <i class=\"fi flaticon-technology\"><\/i>\r\n                                    <\/span>\r\n                                    <p>+420 606 037 429 <\/p>\r\n                                <\/li>\r\n                                <li>\r\n                                    <span class=\"icon\">\r\n                                        <i class=\"fi flaticon-mail\"><\/i>\r\n                                    <\/span>\r\n                                    <p>info@molitorovskastran.cz<\/p>\r\n                                <\/li>\r\n                            <\/ul>\r\n                        <\/div>\r\n                        <div class=\"contact-form\">\r\n                        <div class=\"wpcf7 no-js\" id=\"wpcf7-f425-o1\" lang=\"cs-CZ\" dir=\"ltr\">\n<div class=\"screen-reader-response\"><p role=\"status\" aria-live=\"polite\" aria-atomic=\"true\"><\/p> <ul><\/ul><\/div>\n<form action=\"\/index.php?rest_route=%2Fwp%2Fv2%2Fpages%2F389#wpcf7-f425-o1\" method=\"post\" class=\"wpcf7-form init\" aria-label=\"Kontaktn\u00ed formul\u00e1\u0159\" novalidate=\"novalidate\" data-status=\"init\">\n<div style=\"display: none;\">\n<input type=\"hidden\" name=\"_wpcf7\" value=\"425\" \/>\n<input type=\"hidden\" name=\"_wpcf7_version\" value=\"5.7.2\" \/>\n<input type=\"hidden\" name=\"_wpcf7_locale\" value=\"cs_CZ\" \/>\n<input type=\"hidden\" name=\"_wpcf7_unit_tag\" value=\"wpcf7-f425-o1\" \/>\n<input type=\"hidden\" name=\"_wpcf7_container_post\" value=\"0\" \/>\n<input type=\"hidden\" name=\"_wpcf7_posted_data_hash\" value=\"\" \/>\n<\/div>\n<div class=\"form\" id=\"contact-form2\">\n\t<div>\n\t\t<p><span class=\"wpcf7-form-control-wrap\" data-name=\"text\"><input size=\"40\" class=\"wpcf7-form-control wpcf7-text wpcf7-validates-as-required form-control\" aria-required=\"true\" aria-invalid=\"false\" placeholder=\"Name\" value=\"\" type=\"text\" name=\"text\" \/><\/span>\n\t\t<\/p>\n\t<\/div>\n\t<div>\n\t\t<p><span class=\"wpcf7-form-control-wrap\" data-name=\"email\"><input size=\"40\" class=\"wpcf7-form-control wpcf7-text wpcf7-email wpcf7-validates-as-required wpcf7-validates-as-email form-control\" aria-required=\"true\" aria-invalid=\"false\" placeholder=\"Email\" value=\"\" type=\"email\" name=\"email\" \/><\/span>\n\t\t<\/p>\n\t<\/div>\n\t<div>\n\t\t<p><span class=\"wpcf7-form-control-wrap\" data-name=\"textarea\"><textarea cols=\"40\" rows=\"10\" class=\"wpcf7-form-control wpcf7-textarea wpcf7-validates-as-required form-control\" aria-required=\"true\" aria-invalid=\"false\" placeholder=\"Message\" name=\"textarea\"><\/textarea><\/span>\n\t\t<\/p>\n\t<\/div>\n\t<div class=\"submit-btn\">\n\t\t<div class=\"btn-wrapper\">\n\t\t\t<p><input class=\"wpcf7-form-control has-spinner wpcf7-submit btn agency-theme-btn\" type=\"submit\" value=\"Send\" \/>\n\t\t\t<\/p>\n\t\t<\/div>\n\t<\/div>\n\t<div class=\"col col-md-12 error-handling-messages\">\n\t\t<div id=\"success\">\n\t\t\t<p>Thank you\n\t\t\t<\/p>\n\t\t<\/div>\n\t\t<div id=\"error\">\n\t\t\t<p> Error occurred while sending email. Please try again later.\n\t\t\t<\/p>\n\t\t<\/div>\n\t<\/div>\n<\/div><div class=\"wpcf7-response-output\" aria-hidden=\"true\"><\/div><\/form><\/div>\r\n                        <\/div>[\/vc_column][\/vc_row][\/vc_section]<\/p>\n","protected":false},"excerpt":{"rendered":"<p>[vc_section][vc_row][vc_column][\/vc_column][\/vc_row][\/vc_section][vc_section el_id=&#8221;o projektu&#8221; css=&#8221;.vc_custom_1675332993394{padding-top: 125px !important;padding-bottom: 30px !important;background-color: #ffffff !important;}&#8221; el_class=&#8221;o-projektu&#8221;][vc_row][vc_column width=&#8221;1\/6&#8243;][\/vc_column][vc_column width=&#8221;2\/3&#8243;][vc_custom_heading text=&#8221;About the project&#8221; font_container=&#8221;tag:h1|text_align:center|color:%233aaa35&#8243; google_fonts=&#8221;font_family:Montserrat%3Aregular%2C700|font_style:700%20bold%20regular%3A700%3Anormal&#8221;][vc_empty_space][\/vc_column][vc_column width=&#8221;1\/6&#8243;][\/vc_column][\/vc_row][vc_row el_class=&#8221;container&#8221;][vc_column width=&#8221;1\/6&#8243; el_class=&#8221;row agency-grids&#8221;][\/vc_column][vc_column width=&#8221;2\/3&#8243;][vc_column_text] Are you planning to build your own family house within easy reach of Prague, but at [&hellip;]<\/p>\n","protected":false},"author":1,"featured_media":0,"parent":0,"menu_order":0,"comment_status":"closed","ping_status":"closed","template":"","meta":{"_mi_skip_tracking":false,"footnotes":""},"class_list":["post-389","page","type-page","status-publish","hentry"],"aioseo_notices":[],"post_mailing_queue_ids":[],"_links":{"self":[{"href":"https:\/\/www.molitorovskastran.cz\/index.php?rest_route=\/wp\/v2\/pages\/389","targetHints":{"allow":["GET"]}}],"collection":[{"href":"https:\/\/www.molitorovskastran.cz\/index.php?rest_route=\/wp\/v2\/pages"}],"about":[{"href":"https:\/\/www.molitorovskastran.cz\/index.php?rest_route=\/wp\/v2\/types\/page"}],"author":[{"embeddable":true,"href":"https:\/\/www.molitorovskastran.cz\/index.php?rest_route=\/wp\/v2\/users\/1"}],"replies":[{"embeddable":true,"href":"https:\/\/www.molitorovskastran.cz\/index.php?rest_route=%2Fwp%2Fv2%2Fcomments&post=389"}],"version-history":[{"count":13,"href":"https:\/\/www.molitorovskastran.cz\/index.php?rest_route=\/wp\/v2\/pages\/389\/revisions"}],"predecessor-version":[{"id":427,"href":"https:\/\/www.molitorovskastran.cz\/index.php?rest_route=\/wp\/v2\/pages\/389\/revisions\/427"}],"wp:attachment":[{"href":"https:\/\/www.molitorovskastran.cz\/index.php?rest_route=%2Fwp%2Fv2%2Fmedia&parent=389"}],"curies":[{"name":"wp","href":"https:\/\/api.w.org\/{rel}","templated":true}]}}